{"id":414,"date":"2025-05-06T00:07:41","date_gmt":"2025-05-05T22:07:41","guid":{"rendered":"https:\/\/jet-holidays.fr\/?post_type=product&#038;p=414"},"modified":"2025-08-20T22:55:16","modified_gmt":"2025-08-20T20:55:16","slug":"speed-boat","status":"publish","type":"product","link":"https:\/\/jet-holidays.fr\/en\/produit\/speed-boat\/","title":{"rendered":"SPEED BOAT &#8211; 10 Minutes"},"content":{"rendered":"<p>Notre activit\u00e9 speedboat vous embarque pour une excursion \u00e0 bord d&#8217;un bateau \u00e9quip\u00e9 de moteurs puissants et d&#8217;une coque profil\u00e9es pour maximiser la vitesse et le plaisir de la navigation rapide en mer<\/p>\n","protected":false},"excerpt":{"rendered":"<p>Avec une capacit\u00e9 de douze personnes, d\u00e9couvrez le GOFAST, l\u2019\u00e9quivalent des montagnes russes sur l\u2019eau. Ces virages \u00e0 360\u00b0, \u00e7a vitesse de pointe ind\u00e9tr\u00f4nable vous donnera des sensations hors du commun.<\/p>\n","protected":false},"featured_media":651,"comment_status":"open","ping_status":"closed","template":"","meta":[],"product_brand":[],"product_cat":[34,51],"product_tag":[],"class_list":{"0":"post-414","1":"product","2":"type-product","3":"status-publish","4":"has-post-thumbnail","6":"product_cat-activite","7":"product_cat-speedboat","9":"first","10":"instock","11":"virtual","12":"purchasable","13":"product-type-appointment"},"exclude_global_add_ons":[],"addons":[],"jetpack_sharing_enabled":true,"_links":{"self":[{"href":"https:\/\/jet-holidays.fr\/en\/wp-json\/wp\/v2\/product\/414","targetHints":{"allow":["GET"]}}],"collection":[{"href":"https:\/\/jet-holidays.fr\/en\/wp-json\/wp\/v2\/product"}],"about":[{"href":"https:\/\/jet-holidays.fr\/en\/wp-json\/wp\/v2\/types\/product"}],"replies":[{"embeddable":true,"href":"https:\/\/jet-holidays.fr\/en\/wp-json\/wp\/v2\/comments?post=414"}],"wp:featuredmedia":[{"embeddable":true,"href":"https:\/\/jet-holidays.fr\/en\/wp-json\/wp\/v2\/media\/651"}],"wp:attachment":[{"href":"https:\/\/jet-holidays.fr\/en\/wp-json\/wp\/v2\/media?parent=414"}],"wp:term":[{"taxonomy":"product_brand","embeddable":true,"href":"https:\/\/jet-holidays.fr\/en\/wp-json\/wp\/v2\/product_brand?post=414"},{"taxonomy":"product_cat","embeddable":true,"href":"https:\/\/jet-holidays.fr\/en\/wp-json\/wp\/v2\/product_cat?post=414"},{"taxonomy":"product_tag","embeddable":true,"href":"https:\/\/jet-holidays.fr\/en\/wp-json\/wp\/v2\/product_tag?post=414"}],"curies":[{"name":"wp","href":"https:\/\/api.w.org\/{rel}","templated":true}]}}