{"id":420,"date":"2025-05-06T00:51:20","date_gmt":"2025-05-05T22:51:20","guid":{"rendered":"https:\/\/jet-holidays.fr\/?post_type=product&#038;p=420"},"modified":"2025-08-20T22:54:32","modified_gmt":"2025-08-20T20:54:32","slug":"kayak","status":"publish","type":"product","link":"https:\/\/jet-holidays.fr\/en\/produit\/kayak\/","title":{"rendered":"Kayak transparent"},"content":{"rendered":"","protected":false},"excerpt":{"rendered":"<p>Partez \u00e0 la d\u00e9couverte des paysages c\u00f4tiers en toute tranquillit\u00e9 avec une balade en kayak ! Accessible \u00e0 tous, c\u2019est l\u2019activit\u00e9 id\u00e9ale pour profiter de la mer \u00e0 votre rythme, explorer des criques secr\u00e8tes et observer la nature de pr\u00e8s. En solo ou en tandem, pagayez en libert\u00e9 dans un cadre pr\u00e9serv\u00e9. Calme, d\u00e9tente et \u00e9vasion garantis ! Laissez-vous porter par le rythme de l\u2019eau.<\/p>\n","protected":false},"featured_media":716,"comment_status":"open","ping_status":"closed","template":"","meta":[],"product_brand":[],"product_cat":[34,48],"product_tag":[],"class_list":{"0":"post-420","1":"product","2":"type-product","3":"status-publish","4":"has-post-thumbnail","6":"product_cat-activite","7":"product_cat-kayak","9":"first","10":"instock","11":"virtual","12":"purchasable","13":"product-type-appointment"},"exclude_global_add_ons":[],"addons":[],"jetpack_sharing_enabled":true,"_links":{"self":[{"href":"https:\/\/jet-holidays.fr\/en\/wp-json\/wp\/v2\/product\/420","targetHints":{"allow":["GET"]}}],"collection":[{"href":"https:\/\/jet-holidays.fr\/en\/wp-json\/wp\/v2\/product"}],"about":[{"href":"https:\/\/jet-holidays.fr\/en\/wp-json\/wp\/v2\/types\/product"}],"replies":[{"embeddable":true,"href":"https:\/\/jet-holidays.fr\/en\/wp-json\/wp\/v2\/comments?post=420"}],"wp:featuredmedia":[{"embeddable":true,"href":"https:\/\/jet-holidays.fr\/en\/wp-json\/wp\/v2\/media\/716"}],"wp:attachment":[{"href":"https:\/\/jet-holidays.fr\/en\/wp-json\/wp\/v2\/media?parent=420"}],"wp:term":[{"taxonomy":"product_brand","embeddable":true,"href":"https:\/\/jet-holidays.fr\/en\/wp-json\/wp\/v2\/product_brand?post=420"},{"taxonomy":"product_cat","embeddable":true,"href":"https:\/\/jet-holidays.fr\/en\/wp-json\/wp\/v2\/product_cat?post=420"},{"taxonomy":"product_tag","embeddable":true,"href":"https:\/\/jet-holidays.fr\/en\/wp-json\/wp\/v2\/product_tag?post=420"}],"curies":[{"name":"wp","href":"https:\/\/api.w.org\/{rel}","templated":true}]}}