{"id":849,"date":"2025-07-25T22:50:20","date_gmt":"2025-07-25T20:50:20","guid":{"rendered":"https:\/\/jet-holidays.fr\/?post_type=product&#038;p=849"},"modified":"2025-08-20T22:50:31","modified_gmt":"2025-08-20T20:50:31","slug":"jet-ski-75-minutes","status":"publish","type":"product","link":"https:\/\/jet-holidays.fr\/en\/produit\/jet-ski-75-minutes\/","title":{"rendered":"JET SKI &#8211; 75 Minutes"},"content":{"rendered":"<p>Avec une gamme de jet-ski choisie sp\u00e9cialement pour vous, nous vous garantissons un max de sensations. Toutes les activit\u00e9s motoris\u00e9es s\u2019effectuent \u00e0 500 m\u00e8tres de la c\u00f4te et sont encadr\u00e9es par nos moniteurs dipl\u00f4m\u00e9s qui ont h\u00e2te de vous faire passer des moments inoubliables.<\/p>\n","protected":false},"excerpt":{"rendered":"<p>Envie de faire le plein d\u2019adr\u00e9naline ? Chevauchez un de nos jetski et fendez les vagues pour une bonne dose de sensations fortes garantie ! Seul(e) ou \u00e0 deux, vivez une exp\u00e9rience fun, rythm\u00e9e et rafra\u00eechissante en pleine mer. Facile \u00e0 prendre en main, le jetski est accessible \u00e0 tous, m\u00eame sans permis. Laissez-vous griser par la puissance de la machine et la libert\u00e9 de glisser sur l\u2019eau !<\/p>\n","protected":false},"featured_media":956,"comment_status":"open","ping_status":"closed","template":"","meta":[],"product_brand":[],"product_cat":[34,35],"product_tag":[36],"class_list":{"0":"post-849","1":"product","2":"type-product","3":"status-publish","4":"has-post-thumbnail","6":"product_cat-activite","7":"product_cat-jet-ski","8":"product_tag-jet-ski","10":"first","11":"instock","12":"virtual","13":"purchasable","14":"product-type-appointment"},"exclude_global_add_ons":[],"addons":[],"jetpack_sharing_enabled":true,"_links":{"self":[{"href":"https:\/\/jet-holidays.fr\/en\/wp-json\/wp\/v2\/product\/849","targetHints":{"allow":["GET"]}}],"collection":[{"href":"https:\/\/jet-holidays.fr\/en\/wp-json\/wp\/v2\/product"}],"about":[{"href":"https:\/\/jet-holidays.fr\/en\/wp-json\/wp\/v2\/types\/product"}],"replies":[{"embeddable":true,"href":"https:\/\/jet-holidays.fr\/en\/wp-json\/wp\/v2\/comments?post=849"}],"wp:featuredmedia":[{"embeddable":true,"href":"https:\/\/jet-holidays.fr\/en\/wp-json\/wp\/v2\/media\/956"}],"wp:attachment":[{"href":"https:\/\/jet-holidays.fr\/en\/wp-json\/wp\/v2\/media?parent=849"}],"wp:term":[{"taxonomy":"product_brand","embeddable":true,"href":"https:\/\/jet-holidays.fr\/en\/wp-json\/wp\/v2\/product_brand?post=849"},{"taxonomy":"product_cat","embeddable":true,"href":"https:\/\/jet-holidays.fr\/en\/wp-json\/wp\/v2\/product_cat?post=849"},{"taxonomy":"product_tag","embeddable":true,"href":"https:\/\/jet-holidays.fr\/en\/wp-json\/wp\/v2\/product_tag?post=849"}],"curies":[{"name":"wp","href":"https:\/\/api.w.org\/{rel}","templated":true}]}}