{"id":855,"date":"2025-07-26T00:08:43","date_gmt":"2025-07-25T22:08:43","guid":{"rendered":"https:\/\/jet-holidays.fr\/?post_type=product&#038;p=855"},"modified":"2025-08-20T22:47:34","modified_gmt":"2025-08-20T20:47:34","slug":"buggy-quad-135-minutes","status":"publish","type":"product","link":"https:\/\/jet-holidays.fr\/en\/produit\/buggy-quad-135-minutes\/","title":{"rendered":"Quad &#8211; 135 Minutes"},"content":{"rendered":"<p>Prenez le guidon et foncez \u00e0 travers sentiers sauvages, pistes poussi\u00e9reuses et paysages spectaculaires. C\u2019est l\u2019aventure \u00e0 l\u2019\u00e9tat brut : fun, adr\u00e9naline et libert\u00e9 totale ! Encadr\u00e9e par des pros, l\u2019activit\u00e9 reste accessible, m\u00eame aux d\u00e9butants. C\u2019est le mix parfait entre d\u00e9couverte et sensations fortes. \u00c0 vous les grands frissons !<\/p>\n","protected":false},"excerpt":{"rendered":"<p>Pr\u00e9parez-vous pour une aventure tout-terrain d\u00e9coiffante ! Au volant d\u2019un buggy, partez \u00e0 l\u2019assaut des pistes entre sable, boue et chemins tropicaux. Sensations garanties dans un d\u00e9cor de r\u00eave, entre virages serr\u00e9s et mont\u00e9es d\u2019adr\u00e9naline. \u00c0 deux ou en solo, vivez un moment fun, puissant et hors des sentiers battus. Le terrain de jeu vous attend !<\/p>\n","protected":false},"featured_media":745,"comment_status":"open","ping_status":"closed","template":"","meta":[],"product_brand":[],"product_cat":[34,47],"product_tag":[],"class_list":{"0":"post-855","1":"product","2":"type-product","3":"status-publish","4":"has-post-thumbnail","6":"product_cat-activite","7":"product_cat-buggyquad","9":"first","10":"instock","11":"virtual","12":"purchasable","13":"product-type-appointment"},"exclude_global_add_ons":[],"addons":[],"jetpack_sharing_enabled":true,"_links":{"self":[{"href":"https:\/\/jet-holidays.fr\/en\/wp-json\/wp\/v2\/product\/855","targetHints":{"allow":["GET"]}}],"collection":[{"href":"https:\/\/jet-holidays.fr\/en\/wp-json\/wp\/v2\/product"}],"about":[{"href":"https:\/\/jet-holidays.fr\/en\/wp-json\/wp\/v2\/types\/product"}],"replies":[{"embeddable":true,"href":"https:\/\/jet-holidays.fr\/en\/wp-json\/wp\/v2\/comments?post=855"}],"wp:featuredmedia":[{"embeddable":true,"href":"https:\/\/jet-holidays.fr\/en\/wp-json\/wp\/v2\/media\/745"}],"wp:attachment":[{"href":"https:\/\/jet-holidays.fr\/en\/wp-json\/wp\/v2\/media?parent=855"}],"wp:term":[{"taxonomy":"product_brand","embeddable":true,"href":"https:\/\/jet-holidays.fr\/en\/wp-json\/wp\/v2\/product_brand?post=855"},{"taxonomy":"product_cat","embeddable":true,"href":"https:\/\/jet-holidays.fr\/en\/wp-json\/wp\/v2\/product_cat?post=855"},{"taxonomy":"product_tag","embeddable":true,"href":"https:\/\/jet-holidays.fr\/en\/wp-json\/wp\/v2\/product_tag?post=855"}],"curies":[{"name":"wp","href":"https:\/\/api.w.org\/{rel}","templated":true}]}}