{"id":859,"date":"2025-07-26T00:10:02","date_gmt":"2025-07-25T22:10:02","guid":{"rendered":"https:\/\/jet-holidays.fr\/?post_type=product&#038;p=859"},"modified":"2025-08-20T22:45:55","modified_gmt":"2025-08-20T20:45:55","slug":"bouee-tractee-extreme","status":"publish","type":"product","link":"https:\/\/jet-holidays.fr\/en\/produit\/bouee-tractee-extreme\/","title":{"rendered":"Bou\u00e9e tract\u00e9e &#8211; Extr\u00eame"},"content":{"rendered":"<p>Nous prenons le temps pour nos clients de choisir des bou\u00e9es avec des sensations exceptionnelles con\u00e7ues pour tous les publics, enfant, ados, adultes, seniors, personnes en situation de handicap, tout le monde y a droit. De la gamme standard \u00e0 la gamme extr\u00eame, vous serez servis en sensations.<\/p>\n","protected":false},"excerpt":{"rendered":"<p>Accrochez-vous bien, la bou\u00e9e tract\u00e9e vous promet un cocktail explosif de rires et de sensations fortes ! Tir\u00e9(e) \u00e0 toute allure par un bateau, vous survolez les vagues, rebondissez, glissez, et tentez de rester en selle le plus longtemps possible. C\u2019est fun, accessible \u00e0 tous et parfait pour des moments inoubliables entre amis ou en famille. Pas besoin d\u2019exp\u00e9rience, juste l\u2019envie de s\u2019\u00e9clater sur l\u2019eau ! Pr\u00eat(e) \u00e0 relever le d\u00e9fi ?<\/p>\n","protected":false},"featured_media":949,"comment_status":"open","ping_status":"closed","template":"","meta":[],"product_brand":[],"product_cat":[34,46],"product_tag":[],"class_list":{"0":"post-859","1":"product","2":"type-product","3":"status-publish","4":"has-post-thumbnail","6":"product_cat-activite","7":"product_cat-bouee","9":"first","10":"instock","11":"virtual","12":"purchasable","13":"product-type-appointment"},"exclude_global_add_ons":[],"addons":[],"jetpack_sharing_enabled":true,"_links":{"self":[{"href":"https:\/\/jet-holidays.fr\/en\/wp-json\/wp\/v2\/product\/859","targetHints":{"allow":["GET"]}}],"collection":[{"href":"https:\/\/jet-holidays.fr\/en\/wp-json\/wp\/v2\/product"}],"about":[{"href":"https:\/\/jet-holidays.fr\/en\/wp-json\/wp\/v2\/types\/product"}],"replies":[{"embeddable":true,"href":"https:\/\/jet-holidays.fr\/en\/wp-json\/wp\/v2\/comments?post=859"}],"wp:featuredmedia":[{"embeddable":true,"href":"https:\/\/jet-holidays.fr\/en\/wp-json\/wp\/v2\/media\/949"}],"wp:attachment":[{"href":"https:\/\/jet-holidays.fr\/en\/wp-json\/wp\/v2\/media?parent=859"}],"wp:term":[{"taxonomy":"product_brand","embeddable":true,"href":"https:\/\/jet-holidays.fr\/en\/wp-json\/wp\/v2\/product_brand?post=859"},{"taxonomy":"product_cat","embeddable":true,"href":"https:\/\/jet-holidays.fr\/en\/wp-json\/wp\/v2\/product_cat?post=859"},{"taxonomy":"product_tag","embeddable":true,"href":"https:\/\/jet-holidays.fr\/en\/wp-json\/wp\/v2\/product_tag?post=859"}],"curies":[{"name":"wp","href":"https:\/\/api.w.org\/{rel}","templated":true}]}}