{"id":861,"date":"2025-07-26T00:23:38","date_gmt":"2025-07-25T22:23:38","guid":{"rendered":"https:\/\/jet-holidays.fr\/?post_type=product&#038;p=861"},"modified":"2025-08-20T22:45:31","modified_gmt":"2025-08-20T20:45:31","slug":"paddle-60-minutes","status":"publish","type":"product","link":"https:\/\/jet-holidays.fr\/en\/produit\/paddle-60-minutes\/","title":{"rendered":"Paddle &#8211; 60 Minutes"},"content":{"rendered":"<p>Profitez de la beaut\u00e9 et du calme de la plage du Souffleur et amusez-vous en famille ou entre amis. Laissez-vous glisser et porter admirer la faune et la flore sous-marine du littoral de notre belle ville de Port-Louis.<\/p>\n","protected":false},"excerpt":{"rendered":"<p><strong>Et si vous tentiez l\u2019exp\u00e9rience du paddle ?<\/strong> Emportez votre planche, laissez-vous porter par les vagues ! Cette activit\u00e9 nautique accessible \u00e0 tous est id\u00e9ale pour se d\u00e9tendre seul ou \u00e0 plusieurs. Laissez le stress derri\u00e8re vous pour sillonner la plage du souffleur.<\/p>\n","protected":false},"featured_media":740,"comment_status":"open","ping_status":"closed","template":"","meta":[],"product_brand":[],"product_cat":[34,49],"product_tag":[],"class_list":{"0":"post-861","1":"product","2":"type-product","3":"status-publish","4":"has-post-thumbnail","6":"product_cat-activite","7":"product_cat-paddle","9":"first","10":"instock","11":"virtual","12":"purchasable","13":"product-type-appointment"},"exclude_global_add_ons":[],"addons":[],"jetpack_sharing_enabled":true,"_links":{"self":[{"href":"https:\/\/jet-holidays.fr\/en\/wp-json\/wp\/v2\/product\/861","targetHints":{"allow":["GET"]}}],"collection":[{"href":"https:\/\/jet-holidays.fr\/en\/wp-json\/wp\/v2\/product"}],"about":[{"href":"https:\/\/jet-holidays.fr\/en\/wp-json\/wp\/v2\/types\/product"}],"replies":[{"embeddable":true,"href":"https:\/\/jet-holidays.fr\/en\/wp-json\/wp\/v2\/comments?post=861"}],"wp:featuredmedia":[{"embeddable":true,"href":"https:\/\/jet-holidays.fr\/en\/wp-json\/wp\/v2\/media\/740"}],"wp:attachment":[{"href":"https:\/\/jet-holidays.fr\/en\/wp-json\/wp\/v2\/media?parent=861"}],"wp:term":[{"taxonomy":"product_brand","embeddable":true,"href":"https:\/\/jet-holidays.fr\/en\/wp-json\/wp\/v2\/product_brand?post=861"},{"taxonomy":"product_cat","embeddable":true,"href":"https:\/\/jet-holidays.fr\/en\/wp-json\/wp\/v2\/product_cat?post=861"},{"taxonomy":"product_tag","embeddable":true,"href":"https:\/\/jet-holidays.fr\/en\/wp-json\/wp\/v2\/product_tag?post=861"}],"curies":[{"name":"wp","href":"https:\/\/api.w.org\/{rel}","templated":true}]}}